{"id":25206,"date":"2025-11-10T06:29:22","date_gmt":"2025-11-10T06:29:22","guid":{"rendered":"https:\/\/mestockexterno.com\/tienda\/?page_id=25206"},"modified":"2025-11-28T18:12:49","modified_gmt":"2025-11-28T18:12:49","slug":"alianzas-de-colaboracion","status":"publish","type":"page","link":"https:\/\/majesticeducacion.com.mx\/nuevo\/alianzas-de-colaboracion\/","title":{"rendered":"Alianzas de colaboraci\u00f3n"},"content":{"rendered":"\t\t<div data-elementor-type=\"wp-page\" data-elementor-id=\"25206\" class=\"elementor elementor-25206\" data-elementor-post-type=\"page\">\n\t\t\t\t\t\t<section class=\"elementor-section elementor-top-section elementor-element elementor-element-10e4ac4 elementor-section-boxed elementor-section-height-default elementor-section-height-default\" data-id=\"10e4ac4\" data-element_type=\"section\">\n\t\t\t\t\t\t<div class=\"elementor-container elementor-column-gap-default\">\n\t\t\t\t\t<div class=\"elementor-column elementor-col-100 elementor-top-column elementor-element elementor-element-a5a824d\" data-id=\"a5a824d\" data-element_type=\"column\">\n\t\t\t<div class=\"elementor-widget-wrap elementor-element-populated\">\n\t\t\t\t\t\t<div class=\"elementor-element elementor-element-e858ec2 elementor-widget elementor-widget-spacer\" data-id=\"e858ec2\" data-element_type=\"widget\" data-widget_type=\"spacer.default\">\n\t\t\t\t<div class=\"elementor-widget-container\">\n\t\t\t\t\t\t\t<div class=\"elementor-spacer\">\n\t\t\t<div class=\"elementor-spacer-inner\"><\/div>\n\t\t<\/div>\n\t\t\t\t\t\t<\/div>\n\t\t\t\t<\/div>\n\t\t\t\t<div class=\"elementor-element elementor-element-b11491e elementor-widget elementor-widget-spacer\" data-id=\"b11491e\" data-element_type=\"widget\" data-widget_type=\"spacer.default\">\n\t\t\t\t<div class=\"elementor-widget-container\">\n\t\t\t\t\t\t\t<div class=\"elementor-spacer\">\n\t\t\t<div class=\"elementor-spacer-inner\"><\/div>\n\t\t<\/div>\n\t\t\t\t\t\t<\/div>\n\t\t\t\t<\/div>\n\t\t\t\t<div class=\"elementor-element elementor-element-bc60a96 elementor-widget elementor-widget-spacer\" data-id=\"bc60a96\" data-element_type=\"widget\" data-widget_type=\"spacer.default\">\n\t\t\t\t<div class=\"elementor-widget-container\">\n\t\t\t\t\t\t\t<div class=\"elementor-spacer\">\n\t\t\t<div class=\"elementor-spacer-inner\"><\/div>\n\t\t<\/div>\n\t\t\t\t\t\t<\/div>\n\t\t\t\t<\/div>\n\t\t\t\t\t<\/div>\n\t\t<\/div>\n\t\t\t\t\t<\/div>\n\t\t<\/section>\n\t\t\t\t<section class=\"elementor-section elementor-top-section elementor-element elementor-element-081f363 elementor-section-full_width elementor-section-height-default elementor-section-height-default\" data-id=\"081f363\" data-element_type=\"section\">\n\t\t\t\t\t\t<div class=\"elementor-container elementor-column-gap-default\">\n\t\t\t\t\t<div class=\"elementor-column elementor-col-100 elementor-top-column elementor-element elementor-element-20ac4ce\" data-id=\"20ac4ce\" data-element_type=\"column\">\n\t\t\t<div class=\"elementor-widget-wrap elementor-element-populated\">\n\t\t\t\t\t\t<div class=\"elementor-element elementor-element-561aa9f elementor-widget elementor-widget-aina-breadcrumb\" data-id=\"561aa9f\" data-element_type=\"widget\" data-widget_type=\"aina-breadcrumb.default\">\n\t\t\t\t<div class=\"elementor-widget-container\">\n\t\t\t\t\t    <section id=\"ai-breadcrumb\" class=\"ai-breadcrumb-section\">\r\n\t\t<div class=\"ai-breadcrumb-content\" data-background=\"https:\/\/majesticeducacion.com.mx\/nuevo\/wp-content\/uploads\/2025\/11\/ChatGPT-Image-Nov-10-2025-12_35_33-AM.png\">\r\n\t\t\t<div class=\"ai-breadcrumb-text text-center headline ul-li\">\r\n\t\t\t\t<h2>Alianzas de colaboraci\u00f3n\n<\/h2>\r\n\t\t\t\t<ul>\r\n                    <li><a href=\"https:\/\/majesticeducacion.com.mx\/nuevo\/\">Home &nbsp;<\/a><\/li><li><a href=\"https:\/\/majesticeducacion.com.mx\/nuevo\/alianzas-de-colaboracion\/\"><\/a><\/li>                <\/ul>\r\n\t\t\t<\/div>\r\n\t\t<\/div>\r\n\t<\/section>\r\n    \t\t\t\t<\/div>\n\t\t\t\t<\/div>\n\t\t\t\t\t<\/div>\n\t\t<\/div>\n\t\t\t\t\t<\/div>\n\t\t<\/section>\n\t\t\t\t<section class=\"elementor-section elementor-top-section elementor-element elementor-element-38b482d elementor-section-boxed elementor-section-height-default elementor-section-height-default\" data-id=\"38b482d\" data-element_type=\"section\">\n\t\t\t\t\t\t<div class=\"elementor-container elementor-column-gap-default\">\n\t\t\t\t\t<div class=\"elementor-column elementor-col-33 elementor-top-column elementor-element elementor-element-9c6e319\" data-id=\"9c6e319\" data-element_type=\"column\">\n\t\t\t<div class=\"elementor-widget-wrap elementor-element-populated\">\n\t\t\t\t\t\t<div class=\"elementor-element elementor-element-5c1073f elementor-widget elementor-widget-text-editor\" data-id=\"5c1073f\" data-element_type=\"widget\" data-widget_type=\"text-editor.default\">\n\t\t\t\t<div class=\"elementor-widget-container\">\n\t\t\t\t\t\t\t\t\t<p>\u00a0<\/p><h2><strong>Reconociendo las necesidades y caracter\u00edsticas del estudio del idioma ingl\u00e9s en los diversos subsistemas de Educaci\u00f3n Media Superior, desarrollamos textos acordes a dichos requerimientos siendo as\u00ed una verdadera opci\u00f3n de calidad para alumnos y docentes en diversos estados de la Rep\u00fablica Mexicana.<\/strong><\/h2><h2><strong>Nombres de las instituciones con las\u00a0que\u00a0colaboramos<\/strong><\/h2>\t\t\t\t\t\t\t\t<\/div>\n\t\t\t\t<\/div>\n\t\t\t\t<div class=\"elementor-element elementor-element-746bd33 elementor-widget elementor-widget-spacer\" data-id=\"746bd33\" data-element_type=\"widget\" data-widget_type=\"spacer.default\">\n\t\t\t\t<div class=\"elementor-widget-container\">\n\t\t\t\t\t\t\t<div class=\"elementor-spacer\">\n\t\t\t<div class=\"elementor-spacer-inner\"><\/div>\n\t\t<\/div>\n\t\t\t\t\t\t<\/div>\n\t\t\t\t<\/div>\n\t\t\t\t<div class=\"elementor-element elementor-element-eaa2f6e elementor-widget elementor-widget-aina-list-img-box\" data-id=\"eaa2f6e\" data-element_type=\"widget\" data-widget_type=\"aina-list-img-box.default\">\n\t\t\t\t<div class=\"elementor-widget-container\">\n\t\t\t\t\t    <div class=\"wow fadeInRight\" >\r\n        <div class=\"ai-main-feature-list-img\">\r\n            <div class=\"ai-main-feature-img\">\r\n                <img decoding=\"async\" src=\"\" alt=\"\">\r\n            <\/div>\r\n                        <div class=\"ai-main-feature-list ul-li\"> \r\n                <ul>\r\n                                        <li> <span> University of Cambridge<\/li>\r\n                                        <li>Creative Solutions<\/li>\r\n                                        <li>The Anglo<\/li>\r\n                                        <li>International House<\/li>\r\n                                        <li>College\u00a0Board<\/li>\r\n                                    <\/ul>\r\n            <\/div>\r\n                    <\/div>\r\n    <\/div>\r\n    \r\n    \t\t\t\t<\/div>\n\t\t\t\t<\/div>\n\t\t\t\t<div class=\"elementor-element elementor-element-49e77c0 elementor-widget elementor-widget-spacer\" data-id=\"49e77c0\" data-element_type=\"widget\" data-widget_type=\"spacer.default\">\n\t\t\t\t<div class=\"elementor-widget-container\">\n\t\t\t\t\t\t\t<div class=\"elementor-spacer\">\n\t\t\t<div class=\"elementor-spacer-inner\"><\/div>\n\t\t<\/div>\n\t\t\t\t\t\t<\/div>\n\t\t\t\t<\/div>\n\t\t\t\t\t<\/div>\n\t\t<\/div>\n\t\t\t\t<div class=\"elementor-column elementor-col-33 elementor-top-column elementor-element elementor-element-992495d\" data-id=\"992495d\" data-element_type=\"column\">\n\t\t\t<div class=\"elementor-widget-wrap\">\n\t\t\t\t\t\t\t<\/div>\n\t\t<\/div>\n\t\t\t\t<div class=\"elementor-column elementor-col-33 elementor-top-column elementor-element elementor-element-7a054e5\" data-id=\"7a054e5\" data-element_type=\"column\">\n\t\t\t<div class=\"elementor-widget-wrap\">\n\t\t\t\t\t\t\t<\/div>\n\t\t<\/div>\n\t\t\t\t\t<\/div>\n\t\t<\/section>\n\t\t\t\t<\/div>\n\t\t","protected":false},"excerpt":{"rendered":"<p>Alianzas de colaboraci\u00f3n Home &nbsp; \u00a0 Reconociendo las necesidades y caracter\u00edsticas del estudio del idioma ingl\u00e9s en los diversos subsistemas de Educaci\u00f3n Media Superior, desarrollamos textos acordes a dichos requerimientos siendo as\u00ed una verdadera opci\u00f3n de calidad para alumnos y docentes en diversos estados de la Rep\u00fablica Mexicana. Nombres de las instituciones con las\u00a0que\u00a0colaboramos University [&hellip;]<\/p>\n","protected":false},"author":1,"featured_media":0,"parent":0,"menu_order":0,"comment_status":"closed","ping_status":"closed","template":"invite-template.php","meta":{"footnotes":""},"class_list":["post-25206","page","type-page","status-publish","hentry"],"_links":{"self":[{"href":"https:\/\/majesticeducacion.com.mx\/nuevo\/wp-json\/wp\/v2\/pages\/25206","targetHints":{"allow":["GET"]}}],"collection":[{"href":"https:\/\/majesticeducacion.com.mx\/nuevo\/wp-json\/wp\/v2\/pages"}],"about":[{"href":"https:\/\/majesticeducacion.com.mx\/nuevo\/wp-json\/wp\/v2\/types\/page"}],"author":[{"embeddable":true,"href":"https:\/\/majesticeducacion.com.mx\/nuevo\/wp-json\/wp\/v2\/users\/1"}],"replies":[{"embeddable":true,"href":"https:\/\/majesticeducacion.com.mx\/nuevo\/wp-json\/wp\/v2\/comments?post=25206"}],"version-history":[{"count":17,"href":"https:\/\/majesticeducacion.com.mx\/nuevo\/wp-json\/wp\/v2\/pages\/25206\/revisions"}],"predecessor-version":[{"id":25388,"href":"https:\/\/majesticeducacion.com.mx\/nuevo\/wp-json\/wp\/v2\/pages\/25206\/revisions\/25388"}],"wp:attachment":[{"href":"https:\/\/majesticeducacion.com.mx\/nuevo\/wp-json\/wp\/v2\/media?parent=25206"}],"curies":[{"name":"wp","href":"https:\/\/api.w.org\/{rel}","templated":true}]}}