{"id":25569,"date":"2026-01-13T18:42:29","date_gmt":"2026-01-13T18:42:29","guid":{"rendered":"https:\/\/majesticeducacion.com.mx\/nuevo\/?post_type=product&#038;p=25569"},"modified":"2026-02-26T18:19:59","modified_gmt":"2026-02-26T18:19:59","slug":"global-citizen-2-libro-fisico-libro-digital","status":"publish","type":"product","link":"https:\/\/majesticeducacion.com.mx\/nuevo\/product\/global-citizen-2-libro-fisico-libro-digital\/","title":{"rendered":"Global Citizen 2 (LIBRO F\u00cdSICO + LIBRO D\u00cdGITAL)"},"content":{"rendered":"","protected":false},"excerpt":{"rendered":"<p><strong>PACK (LIBRO F\u00cdSICO + LIBRO D\u00cdGITAL)<\/strong><\/p>\n<p><strong>Global Citizen<\/strong> Based on communicative and actional approaches. It highlights the development of communicative competence through didactic sequences that develop their ability to reason, abstract, and organize their thinking.<\/p>\n<p><strong>Presentaci\u00f3n comercial:\u00a0<\/strong><a href=\"https:\/\/majesticeducacion.com.mx\/nuevo\/wp-content\/uploads\/2026\/02\/Global-Citizen.png\" target=\"_blank\" rel=\"noopener\">!Ver aqu\u00ed!<\/a><\/p>\n<p>M\u00e1s informes en servicioaclientes@majesticeducacion.com.mx<\/p>\n<p>ISBN 9786-075-104-669-PK<\/p>\n","protected":false},"featured_media":25565,"comment_status":"open","ping_status":"closed","template":"","meta":[],"product_brand":[],"product_cat":[381,401,407],"product_tag":[],"class_list":{"0":"post-25569","1":"product","2":"type-product","3":"status-publish","4":"has-post-thumbnail","6":"product_cat-ingles-2","7":"product_cat-ingles-jovenes-adultos-2","8":"product_cat-serie-global-citizen","10":"first","11":"instock","12":"shipping-taxable","13":"purchasable","14":"product-type-simple"},"_links":{"self":[{"href":"https:\/\/majesticeducacion.com.mx\/nuevo\/wp-json\/wp\/v2\/product\/25569","targetHints":{"allow":["GET"]}}],"collection":[{"href":"https:\/\/majesticeducacion.com.mx\/nuevo\/wp-json\/wp\/v2\/product"}],"about":[{"href":"https:\/\/majesticeducacion.com.mx\/nuevo\/wp-json\/wp\/v2\/types\/product"}],"replies":[{"embeddable":true,"href":"https:\/\/majesticeducacion.com.mx\/nuevo\/wp-json\/wp\/v2\/comments?post=25569"}],"wp:featuredmedia":[{"embeddable":true,"href":"https:\/\/majesticeducacion.com.mx\/nuevo\/wp-json\/wp\/v2\/media\/25565"}],"wp:attachment":[{"href":"https:\/\/majesticeducacion.com.mx\/nuevo\/wp-json\/wp\/v2\/media?parent=25569"}],"wp:term":[{"taxonomy":"product_brand","embeddable":true,"href":"https:\/\/majesticeducacion.com.mx\/nuevo\/wp-json\/wp\/v2\/product_brand?post=25569"},{"taxonomy":"product_cat","embeddable":true,"href":"https:\/\/majesticeducacion.com.mx\/nuevo\/wp-json\/wp\/v2\/product_cat?post=25569"},{"taxonomy":"product_tag","embeddable":true,"href":"https:\/\/majesticeducacion.com.mx\/nuevo\/wp-json\/wp\/v2\/product_tag?post=25569"}],"curies":[{"name":"wp","href":"https:\/\/api.w.org\/{rel}","templated":true}]}}