{"id":25657,"date":"2026-01-19T14:36:14","date_gmt":"2026-01-19T14:36:14","guid":{"rendered":"https:\/\/majesticeducacion.com.mx\/nuevo\/?post_type=product&#038;p=25657"},"modified":"2026-02-09T01:26:38","modified_gmt":"2026-02-09T01:26:38","slug":"english-express-level-2-pack-libro-fisico-libro-digital","status":"publish","type":"product","link":"https:\/\/majesticeducacion.com.mx\/nuevo\/product\/english-express-level-2-pack-libro-fisico-libro-digital\/","title":{"rendered":"ENGLISH EXPRESS LEVEL 2 PACK (LIBRO F\u00cdSICO + LIBRO D\u00cdGITAL)"},"content":{"rendered":"","protected":false},"excerpt":{"rendered":"<p><strong>PACK (LIBRO F\u00cdSICO + LIBRO D\u00cdGITAL)<\/strong><\/p>\n<p><strong>ENGLISH EXPRESS<\/strong> Dise\u00f1ado para maximizar el conocimiento ling\u00fc\u00edstico existente de sus estudiantes:<\/p>\n<p>Uso constante de cognados para proporcionar informaci\u00f3n m\u00e1s rica, impulsar la motivaci\u00f3n y permitir a los hispanohablantes decir todo lo que puedan de la manera m\u00e1s sencilla<\/p>\n<p>Un banco de palabras interactivo de 24 p\u00e1ginas para aprender y practicar cientos de palabras y frases, dentro y fuera de clase.<\/p>\n<p><strong>Presentaci\u00f3n comercial:\u00a0<\/strong><a href=\"https:\/\/majesticeducacion.com.mx\/nuevo\/wp-content\/uploads\/2026\/02\/English-Express.png\" target=\"_blank\" rel=\"noopener\">!Ver aqu\u00ed!<\/a><\/p>\n<p>M\u00e1s informes en servicioaclientes@majesticeducacion.com.mx<\/p>\n","protected":false},"featured_media":25652,"comment_status":"open","ping_status":"closed","template":"","meta":[],"product_brand":[],"product_cat":[381,401,417],"product_tag":[],"class_list":{"0":"post-25657","1":"product","2":"type-product","3":"status-publish","4":"has-post-thumbnail","6":"product_cat-ingles-2","7":"product_cat-ingles-jovenes-adultos-2","8":"product_cat-serie-english-express","10":"first","11":"instock","12":"shipping-taxable","13":"purchasable","14":"product-type-simple"},"_links":{"self":[{"href":"https:\/\/majesticeducacion.com.mx\/nuevo\/wp-json\/wp\/v2\/product\/25657","targetHints":{"allow":["GET"]}}],"collection":[{"href":"https:\/\/majesticeducacion.com.mx\/nuevo\/wp-json\/wp\/v2\/product"}],"about":[{"href":"https:\/\/majesticeducacion.com.mx\/nuevo\/wp-json\/wp\/v2\/types\/product"}],"replies":[{"embeddable":true,"href":"https:\/\/majesticeducacion.com.mx\/nuevo\/wp-json\/wp\/v2\/comments?post=25657"}],"wp:featuredmedia":[{"embeddable":true,"href":"https:\/\/majesticeducacion.com.mx\/nuevo\/wp-json\/wp\/v2\/media\/25652"}],"wp:attachment":[{"href":"https:\/\/majesticeducacion.com.mx\/nuevo\/wp-json\/wp\/v2\/media?parent=25657"}],"wp:term":[{"taxonomy":"product_brand","embeddable":true,"href":"https:\/\/majesticeducacion.com.mx\/nuevo\/wp-json\/wp\/v2\/product_brand?post=25657"},{"taxonomy":"product_cat","embeddable":true,"href":"https:\/\/majesticeducacion.com.mx\/nuevo\/wp-json\/wp\/v2\/product_cat?post=25657"},{"taxonomy":"product_tag","embeddable":true,"href":"https:\/\/majesticeducacion.com.mx\/nuevo\/wp-json\/wp\/v2\/product_tag?post=25657"}],"curies":[{"name":"wp","href":"https:\/\/api.w.org\/{rel}","templated":true}]}}